{"id":3,"date":"2024-10-01T17:38:35","date_gmt":"2024-10-01T17:38:35","guid":{"rendered":"https:\/\/ai.smartbugmedia.com\/?page_id=3"},"modified":"2024-10-29T22:02:20","modified_gmt":"2024-10-29T22:02:20","slug":"politique-de-confidentialite","status":"publish","type":"page","link":"https:\/\/ai.smartbugmedia.com\/fr\/politique-de-confidentialite\/","title":{"rendered":"Politique de confidentialit\u00e9"},"content":{"rendered":"\n<h3 class=\"wp-block-heading\">Introduction<\/h3>\n\n\n\n<p>Devant le d\u00e9veloppement des nouveaux outils de communication, il est n\u00e9cessaire de porter une attention particuli\u00e8re \u00e0 la protection de la vie priv\u00e9e. C\u2019est pourquoi, nous nous engageons \u00e0 respecter la confidentialit\u00e9 des renseignements personnels que nous collectons.<br><br>Le site <a href=\"https:\/\/www.smartbugmedia.com\/fr-ca\/\" data-type=\"link\" data-id=\"https:\/\/www.smartbugmedia.com\/fr-ca\/\">smartbugmedia.com<\/a>&nbsp;est op\u00e9r\u00e9 par SmartBug Media. L\u2019utilisateur qui consulte le site Web est li\u00e9 par les pr\u00e9sentes conditions.<\/p>\n\n\n\n<h3 class=\"wp-block-heading\">Conditions d\u2019utilisation <\/h3>\n\n\n\n<p>Ce site de SmartBug Media est fourni \u00e0 titre de service aux visiteurs. SmartBug Media se r\u00e9serve le droit de modifier, d\u2019ajouter ou de supprimer toute information ou tout \u00e9l\u00e9ment de ce site, \u00e0 tout moment et pour toute raison.<\/p>\n\n\n\n<h3 class=\"wp-block-heading\">Droits d&rsquo;auteur<\/h3>\n\n\n\n<p>Tous les textes du site, logos, concepts, graphiques, images, informations, documents et autres ainsi que la s\u00e9lection, l\u2019arrangement et l\u2019affichage de ceux-ci, demeurent la propri\u00e9t\u00e9 exclusive de SmartBug Media et\/ou de ses clients et fournisseurs et sont prot\u00e9g\u00e9s par la Loi sur le droit d\u2019auteur.<\/p>\n\n\n\n<h3 class=\"wp-block-heading\">Collecte des renseignements personnels<\/h3>\n\n\n\n<ul class=\"wp-block-list\">\n<li>Pr\u00e9nom<\/li>\n\n\n\n<li>Nom<\/li>\n\n\n\n<li>Adresse \u00e9lectronique<\/li>\n\n\n\n<li>Num\u00e9ro de t\u00e9l\u00e9phone<\/li>\n\n\n\n<li>Nom de l\u2019entreprise<\/li>\n<\/ul>\n\n\n\n<p>Les renseignements personnels que nous collectons sont recueillis au travers de formulaires et gr\u00e2ce \u00e0 l\u2019interactivit\u00e9 \u00e9tablie entre vous et notre site Web. Nous utilisons \u00e9galement, comme indiqu\u00e9 dans la section suivante, des fichiers t\u00e9moins et\/ou journaux pour r\u00e9unir des informations vous concernant.<\/p>\n\n\n\n<h3 class=\"wp-block-heading\">Formulaires et interactivit\u00e9<\/h3>\n\n\n\n<p>Vos renseignements personnels sont collect\u00e9s par le biais de formulaire, \u00e0 savoir :<\/p>\n\n\n\n<ul class=\"wp-block-list\">\n<li>Formulaire d&rsquo;inscription au site Web<\/li>\n<\/ul>\n\n\n\n<p>Nous utilisons les renseignements ainsi collect\u00e9s pour les finalit\u00e9s suivantes :<\/p>\n\n\n\n<ul class=\"wp-block-list\">\n<li>Informations \/ Offres promotionnelles<\/li>\n\n\n\n<li>Contact<\/li>\n<\/ul>\n\n\n\n<h3 class=\"wp-block-heading\">Droit d\u2019opposition et de retrait<\/h3>\n\n\n\n<p>Nous nous engageons \u00e0 vous offrir un droit d\u2019opposition et de retrait quant \u00e0 vos renseignements personnels.<\/p>\n\n\n\n<p>Le droit d\u2019opposition s\u2019entend comme \u00e9tant la possibilit\u00e9 offerte aux internautes de refuser que leurs renseignements personnels soient utilis\u00e9s \u00e0 certaines fins mentionn\u00e9es lors de la collecte.<br><br>Le droit de retrait s\u2019entend comme \u00e9tant la possibilit\u00e9 offerte aux internautes de demander \u00e0 ce que leurs renseignements personnels ne figurent plus, par exemple, dans une liste de diffusion.<br><br><strong>Pour pouvoir exercer ces droits, vous pouvez nous joindre via:<\/strong><\/p>\n\n\n\n<ul class=\"wp-block-list\">\n<li>courriel au: legal@smartbugmedia.com<\/li>\n\n\n\n<li>site web: <a href=\"https:\/\/www.smartbugmedia.com\/fr-ca\/\">https:\/\/www.smartbugmedia.com\/fr-ca\/<\/a><\/li>\n<\/ul>\n\n\n\n<h3 class=\"wp-block-heading\">Droit d\u2019acc\u00e8s<\/h3>\n\n\n\n<p>Nous nous engageons \u00e0 reconna\u00eetre un droit d\u2019acc\u00e8s et de rectification aux personnes concern\u00e9es d\u00e9sireuses de consulter, modifier, voire radier les informations les concernant.<\/p>\n\n\n\n<h3 class=\"wp-block-heading\">S\u00e9curit\u00e9<\/h3>\n\n\n\n<p>Les renseignements personnels que nous collectons sont conserv\u00e9s dans un environnement s\u00e9curis\u00e9. Les personnes travaillant pour nous sont tenues de respecter la confidentialit\u00e9 de vos informations.<br><br>Pour assurer la s\u00e9curit\u00e9 de vos renseignements personnels, les mesures suivantes sont en place :<\/p>\n\n\n\n<ul class=\"wp-block-list\">\n<li>Protocole SSL<\/li>\n\n\n\n<li>Chiffrement en transit (TLS 1.2, TLS 1.3)<\/li>\n\n\n\n<li>Chiffrement au repos (AES-256)<\/li>\n\n\n\n<li>Gestion des acc\u00e8s &#8211; personne autoris\u00e9e<\/li>\n\n\n\n<li>Identifiant \/ mot de passe<\/li>\n\n\n\n<li>Pare-feu d\u2019applications web (WAF)<\/li>\n\n\n\n<li>Logiciel de surveillance du r\u00e9seau<\/li>\n\n\n\n<li>Sauvegarde informatique<\/li>\n<\/ul>\n\n\n\n<p>Nous nous engageons \u00e0 maintenir un haut degr\u00e9 de confidentialit\u00e9 en int\u00e9grant les derni\u00e8res innovations technologiques permettant d\u2019assurer la confidentialit\u00e9 de vos transactions. Toutefois, comme aucun m\u00e9canisme n\u2019offre une s\u00e9curit\u00e9 maximale, une part de risque est toujours pr\u00e9sente lorsque l\u2019on utilise Internet pour transmettre des renseignements personnels.<\/p>\n\n\n\n<h3 class=\"wp-block-heading\">Les t\u00e9moins ou \u00ab Cookies \u00bb<\/h3>\n\n\n\n<p>Les t\u00e9moins, commun\u00e9ment appel\u00e9s&nbsp;<em>cookies<\/em>&nbsp;sont des informations qu\u2019enregistre un serveur http sur le disque dur de votre ordinateur pour vous identifier. Nos t\u00e9moins ne contiennent pas d\u2019informations confidentielles, mais simplement un num\u00e9ro permettant uniquement \u00e0 SmartBug Media de vous identifier et de vous sugg\u00e9rer du contenu susceptible de vous int\u00e9resser et rendre votre visite plus agr\u00e9able et conviviale. La plupart des navigateurs acceptent automatiquement les t\u00e9moins. Cependant, vous pouvez les refuser en modifiant vos pr\u00e9f\u00e9rences dans les param\u00e8tres du navigateur utilis\u00e9.<\/p>\n\n\n\n<h3 class=\"wp-block-heading\">Op\u00e9rations de marketing automatis\u00e9 et\/ou de profilage r\u00e9alis\u00e9es \u00e0 l\u2019aide des donn\u00e9es personnelles<\/h3>\n\n\n\n<p>Si vous visitez certaines pages de ce site, il est possible que votre navigateur enregistre un cookie pour une dur\u00e9e maximale de 13 mois pour que nous puissions diffuser de la publicit\u00e9 pertinente via des r\u00e9seaux tels que Google Ads, Facebook Ads ou LinkedIn Ads.<\/p>\n\n\n\n<h3 class=\"wp-block-heading\">L\u00e9gislation<\/h3>\n\n\n\n<p>Nous nous engageons \u00e0 respecter les dispositions l\u00e9gislatives \u00e9nonc\u00e9es dans la Loi sur la protection des renseignements personnels et les documents \u00e9lectroniques (LPRPDE) du Canada.<\/p>\n","protected":false},"excerpt":{"rendered":"<p>Introduction Devant le d\u00e9veloppement des nouveaux outils de communication, il est n\u00e9cessaire de porter une attention particuli\u00e8re \u00e0 la protection de la vie priv\u00e9e. C\u2019est pourquoi, nous nous engageons \u00e0 respecter la confidentialit\u00e9 des renseignements personnels que nous collectons. Le site smartbugmedia.com&nbsp;est op\u00e9r\u00e9 par SmartBug Media. L\u2019utilisateur qui consulte le site Web est li\u00e9 par [&hellip;]<\/p>\n","protected":false},"author":1,"featured_media":0,"parent":0,"menu_order":0,"comment_status":"closed","ping_status":"open","template":"","meta":{"content-type":"","footnotes":""},"class_list":["post-3","page","type-page","status-publish","hentry"],"_links":{"self":[{"href":"https:\/\/ai.smartbugmedia.com\/fr\/wp-json\/wp\/v2\/pages\/3"}],"collection":[{"href":"https:\/\/ai.smartbugmedia.com\/fr\/wp-json\/wp\/v2\/pages"}],"about":[{"href":"https:\/\/ai.smartbugmedia.com\/fr\/wp-json\/wp\/v2\/types\/page"}],"author":[{"embeddable":true,"href":"https:\/\/ai.smartbugmedia.com\/fr\/wp-json\/wp\/v2\/users\/1"}],"replies":[{"embeddable":true,"href":"https:\/\/ai.smartbugmedia.com\/fr\/wp-json\/wp\/v2\/comments?post=3"}],"version-history":[{"count":10,"href":"https:\/\/ai.smartbugmedia.com\/fr\/wp-json\/wp\/v2\/pages\/3\/revisions"}],"predecessor-version":[{"id":3950,"href":"https:\/\/ai.smartbugmedia.com\/fr\/wp-json\/wp\/v2\/pages\/3\/revisions\/3950"}],"wp:attachment":[{"href":"https:\/\/ai.smartbugmedia.com\/fr\/wp-json\/wp\/v2\/media?parent=3"}],"curies":[{"name":"wp","href":"https:\/\/api.w.org\/{rel}","templated":true}]}}