{"id":1316,"date":"2024-10-08T18:02:53","date_gmt":"2024-10-08T18:02:53","guid":{"rendered":"https:\/\/ai.smartbugmedia.com\/?page_id=1316"},"modified":"2024-10-29T14:19:05","modified_gmt":"2024-10-29T14:19:05","slug":"contact","status":"publish","type":"page","link":"https:\/\/ai.smartbugmedia.com\/fr\/contact\/","title":{"rendered":"Contact"},"content":{"rendered":"\t\t<div data-elementor-type=\"wp-page\" data-elementor-id=\"1316\" class=\"elementor elementor-1316\" data-elementor-post-type=\"page\">\n\t\t\t\t<div class=\"elementor-element elementor-element-4503dcb e-con-full e-flex e-con e-parent\" data-id=\"4503dcb\" data-element_type=\"container\">\n\t\t<div class=\"elementor-element elementor-element-301e89c e-con-full e-flex e-con e-child\" data-id=\"301e89c\" data-element_type=\"container\">\n\t\t\t\t<div class=\"elementor-element elementor-element-f76d50a text-hightlight elementor-invisible elementor-widget elementor-widget-heading\" data-id=\"f76d50a\" data-element_type=\"widget\" data-settings=\"{&quot;_animation&quot;:&quot;fadeIn&quot;}\" data-widget_type=\"heading.default\">\n\t\t\t\t<div class=\"elementor-widget-container\">\n\t\t\t<h2 class=\"elementor-heading-title elementor-size-default\"><span><b>Pr\u00eat \u00e0 transformer votre entreprise?<\/b><\/span><\/h2>\t\t<\/div>\n\t\t\t\t<\/div>\n\t\t\t\t<div class=\"elementor-element elementor-element-76dabee elementor-widget__width-auto elementor-widget elementor-widget-text-editor\" data-id=\"76dabee\" data-element_type=\"widget\" data-widget_type=\"text-editor.default\">\n\t\t\t\t<div class=\"elementor-widget-container\">\n\t\t\t\t\t\t\t<p>Vous avez des questions pour nous? Vous souhaitez obtenir une information sur l\u2019entreprise, nos produits ou nos services ou tout simplement \u00e9mettre un commentaire?<\/p>\t\t\t\t\t\t<\/div>\n\t\t\t\t<\/div>\n\t\t\t\t<div class=\"elementor-element elementor-element-d5a960e elementor-widget__width-auto elementor-widget elementor-widget-text-editor\" data-id=\"d5a960e\" data-element_type=\"widget\" data-widget_type=\"text-editor.default\">\n\t\t\t\t<div class=\"elementor-widget-container\">\n\t\t\t\t\t\t\t<p>Remplisser notre formulaire et un membre de notre \u00e9quipe communiquera avec vous dans les plus brefs d\u00e9lais.<\/p>\t\t\t\t\t\t<\/div>\n\t\t\t\t<\/div>\n\t\t\t\t<\/div>\n\t\t\t\t<div class=\"elementor-element elementor-element-dbabc2b elementor-absolute blurry elementor-widget elementor-widget-image\" data-id=\"dbabc2b\" data-element_type=\"widget\" data-settings=\"{&quot;_position&quot;:&quot;absolute&quot;}\" data-widget_type=\"image.default\">\n\t\t\t\t<div class=\"elementor-widget-container\">\n\t\t\t\t\t\t\t\t\t\t\t\t\t<img fetchpriority=\"high\" decoding=\"async\" width=\"1920\" height=\"1920\" src=\"https:\/\/ai.smartbugmedia.com\/wp-content\/uploads\/2024\/10\/Ellipse04_lg-1.svg\" class=\"attachment-full size-full wp-image-2066\" alt=\"\" \/>\t\t\t\t\t\t\t\t\t\t\t\t\t<\/div>\n\t\t\t\t<\/div>\n\t\t\t\t<div class=\"elementor-element elementor-element-4962919 elementor-absolute blurry elementor-widget elementor-widget-image\" data-id=\"4962919\" data-element_type=\"widget\" data-settings=\"{&quot;_position&quot;:&quot;absolute&quot;}\" data-widget_type=\"image.default\">\n\t\t\t\t<div class=\"elementor-widget-container\">\n\t\t\t\t\t\t\t\t\t\t\t\t\t<img decoding=\"async\" width=\"1920\" height=\"1920\" src=\"https:\/\/ai.smartbugmedia.com\/wp-content\/uploads\/2024\/10\/Ellipse02_lg-1.svg\" class=\"attachment-full size-full wp-image-2062\" alt=\"\" \/>\t\t\t\t\t\t\t\t\t\t\t\t\t<\/div>\n\t\t\t\t<\/div>\n\t\t\t\t<div class=\"elementor-element elementor-element-691c7b4 elementor-absolute blurry elementor-widget elementor-widget-image\" data-id=\"691c7b4\" data-element_type=\"widget\" data-settings=\"{&quot;_position&quot;:&quot;absolute&quot;}\" data-widget_type=\"image.default\">\n\t\t\t\t<div class=\"elementor-widget-container\">\n\t\t\t\t\t\t\t\t\t\t\t\t\t<img decoding=\"async\" width=\"1920\" height=\"1920\" src=\"https:\/\/ai.smartbugmedia.com\/wp-content\/uploads\/2024\/10\/Ellipse00-lg.svg\" class=\"attachment-full size-full wp-image-2087\" alt=\"\" \/>\t\t\t\t\t\t\t\t\t\t\t\t\t<\/div>\n\t\t\t\t<\/div>\n\t\t<div class=\"elementor-element elementor-element-8255d2c e-con-full e-flex e-con e-child\" data-id=\"8255d2c\" data-element_type=\"container\" data-settings=\"{&quot;background_background&quot;:&quot;classic&quot;}\">\n\t\t\t\t<div class=\"elementor-element elementor-element-91090c4 elementor-widget elementor-widget-hubspot-form\" data-id=\"91090c4\" data-element_type=\"widget\" data-widget_type=\"hubspot-form.default\">\n\t\t\t\t<div class=\"elementor-widget-container\">\n\t\t\t\n\t\t\t\t\t<script>\n\t\t\t\t\t\twindow.hsFormsOnReady = window.hsFormsOnReady || [];\n\t\t\t\t\t\twindow.hsFormsOnReady.push(()=>{\n\t\t\t\t\t\t\thbspt.forms.create({\n\t\t\t\t\t\t\t\tportalId: 142915,\n\t\t\t\t\t\t\t\tformId: \"a3ad0731-e676-41fe-967a-ca58e4bc7ba1\",\n\t\t\t\t\t\t\t\ttarget: \"#hbspt-form-1778242937000-8258951998\",\n\t\t\t\t\t\t\t\tregion: \"na1\",\n\t\t\t\t\t\t\t\t\n\t\t\t\t\t\t})});\n\t\t\t\t\t<\/script>\n\t\t\t\t\t<div class=\"hbspt-form\" id=\"hbspt-form-1778242937000-8258951998\"><\/div>\t\t<\/div>\n\t\t\t\t<\/div>\n\t\t\t\t<\/div>\n\t\t\t\t<\/div>\n\t\t\t\t<\/div>\n\t\t","protected":false},"excerpt":{"rendered":"<p>Pr\u00eat \u00e0 transformer votre entreprise? Vous avez des questions pour nous? Vous souhaitez obtenir une information sur l\u2019entreprise, nos produits ou nos services ou tout simplement \u00e9mettre un commentaire? Remplisser notre formulaire et un membre de notre \u00e9quipe communiquera avec vous dans les plus brefs d\u00e9lais.<\/p>\n","protected":false},"author":2,"featured_media":0,"parent":0,"menu_order":0,"comment_status":"closed","ping_status":"closed","template":"","meta":{"content-type":"","footnotes":""},"class_list":["post-1316","page","type-page","status-publish","hentry"],"_links":{"self":[{"href":"https:\/\/ai.smartbugmedia.com\/fr\/wp-json\/wp\/v2\/pages\/1316"}],"collection":[{"href":"https:\/\/ai.smartbugmedia.com\/fr\/wp-json\/wp\/v2\/pages"}],"about":[{"href":"https:\/\/ai.smartbugmedia.com\/fr\/wp-json\/wp\/v2\/types\/page"}],"author":[{"embeddable":true,"href":"https:\/\/ai.smartbugmedia.com\/fr\/wp-json\/wp\/v2\/users\/2"}],"replies":[{"embeddable":true,"href":"https:\/\/ai.smartbugmedia.com\/fr\/wp-json\/wp\/v2\/comments?post=1316"}],"version-history":[{"count":58,"href":"https:\/\/ai.smartbugmedia.com\/fr\/wp-json\/wp\/v2\/pages\/1316\/revisions"}],"predecessor-version":[{"id":3842,"href":"https:\/\/ai.smartbugmedia.com\/fr\/wp-json\/wp\/v2\/pages\/1316\/revisions\/3842"}],"wp:attachment":[{"href":"https:\/\/ai.smartbugmedia.com\/fr\/wp-json\/wp\/v2\/media?parent=1316"}],"curies":[{"name":"wp","href":"https:\/\/api.w.org\/{rel}","templated":true}]}}